{"id":139,"date":"2025-05-14T17:43:14","date_gmt":"2025-05-14T17:43:14","guid":{"rendered":"https:\/\/giugocviet.org\/?page_id=139"},"modified":"2025-05-15T09:24:21","modified_gmt":"2025-05-15T09:24:21","slug":"%f0%9f%87%bb%f0%9f%87%b3-lich-su-viet-nam-nhe-ma-cham","status":"publish","type":"page","link":"https:\/\/giugocviet.org\/","title":{"rendered":"\ud83c\uddfb\ud83c\uddf3 L\u1ecaCH S\u1eec VI\u1ec6T NAM \u2013 NH\u1eb8 M\u00c0 CH\u1ea0M"},"content":{"rendered":"\n<p><\/p>\n\n\n\n<h3 class=\"wp-block-heading\">\ud83e\udea8 1. <strong>Th\u1eddi ch\u01b0a c\u00f3 ch\u1eef \u2013 nh\u01b0ng c\u00f3 ng\u01b0\u1eddi bi\u1ebft s\u1ed1ng<\/strong><\/h3>\n\n\n\n<p>M\u1ecdi ng\u01b0\u1eddi s\u1ed1ng g\u1ea7n n\u01b0\u1edbc \u2013 g\u1ea7n r\u1eebng \u2013 g\u1ea7n nhau.<br>Ch\u01b0a g\u1ecdi l\u00e0 \u201cVi\u1ec7t\u201d \u2013 nh\u01b0ng bi\u1ebft nh\u00ecn tr\u1eddi, xem \u0111\u1ea5t, s\u1ed1ng kh\u00f4ng l\u1ec7ch.<br>Kh\u00f4ng c\u00f3 l\u00fd thuy\u1ebft \u2013 m\u00e0 kh\u00f4ng ai s\u1ed1ng sai.<br>Giai \u0111o\u1ea1n n\u00e0y kh\u00f4ng ai ghi \u2013 nh\u01b0ng ch\u00ednh l\u00e0 giai \u0111o\u1ea1n s\u1ed1ng g\u1ea7n <strong>g\u1ed1c s\u1ed1ng nh\u1ea5t<\/strong>.<\/p>\n\n\n\n<p><\/p>\n\n\n\n<h3 class=\"wp-block-heading\">\ud83e\udd41 2. <strong>Th\u1eddi L\u1ea1c Vi\u1ec7t \u2013 Vua H\u00f9ng \u2013 D\u00e2n tr\u1ed3ng \u2013 Kh\u00f4ng c\u1ea7n tranh<\/strong><\/h3>\n\n\n\n<p>Kh\u00f4ng \u0111\u00f4 h\u1ed9 \u2013 kh\u00f4ng \u0111\u00e1nh l\u1edbn.<br>Ai lo \u0111\u01b0\u1ee3c cho d\u00e2n th\u00ec \u0111\u01b0\u1ee3c g\u1ecdi l\u00e0 vua.<br>Kh\u00f4ng ai c\u00f3 nhi\u1ec1u \u2013 m\u00e0 c\u0169ng kh\u00f4ng ai mu\u1ed1n h\u01a1n ng\u01b0\u1eddi kh\u00e1c.<br>N\u1ec1n n\u1ebfp, l\u1eddi \u0103n ti\u1ebfng n\u00f3i \u2013 t\u1eeb \u0111\u00e2y m\u00e0 ra.<\/p>\n\n\n\n<p><\/p>\n\n\n\n<h3 class=\"wp-block-heading\">\ud83d\udee1\ufe0f 3. <strong>Th\u1eddi B\u1eafc thu\u1ed9c \u2013 1000 n\u0103m b\u1ecb \u00e9p m\u00e0 kh\u00f4ng b\u1ecb nu\u1ed1t<\/strong><\/h3>\n\n\n\n<p>T\u00e0u v\u00e0o \u2013 d\u1ea1y ch\u1eef, d\u1ea1y l\u1ec5, d\u1ea1y s\u1ed1ng theo khu\u00f4n.<br>Nh\u01b0ng ng\u01b0\u1eddi Vi\u1ec7t v\u1eabn gi\u1eef c\u00e1i m\u00ecnh tin \u2013 trong c\u00e1ch m\u00ecnh s\u1ed1ng.<br>D\u00f9 b\u1ecb g\u1ecdi l\u00e0 \u201cm\u1ecdi\u201d \u2013 nh\u01b0ng kh\u00f4ng m\u1ea5t m\u00ecnh.<br>Ai gi\u1eef \u0111\u00ecnh, gi\u1eef l\u00e0ng, gi\u1eef gi\u1ecdng \u2013 l\u00e0 anh h\u00f9ng th\u1eadt s\u1ef1 th\u1eddi \u0111\u00f3.<\/p>\n\n\n\n<p><\/p>\n\n\n\n<h3 class=\"wp-block-heading\">\u2694\ufe0f 4. <strong>Th\u1eddi L\u00fd \u2013 Tr\u1ea7n \u2013 L\u00ea: D\u1ef1ng n\u01b0\u1edbc \u2013 gi\u1eef n\u01b0\u1edbc \u2013 kh\u00f4ng l\u00e0m vua \u0111\u1ec3 cai tr\u1ecb<\/strong><\/h3>\n\n\n\n<p>\u0110\u00e2y l\u00e0 l\u00fac ng\u01b0\u1eddi Vi\u1ec7t v\u1eeba \u0111\u00e1nh \u2013 v\u1eeba ngh\u0129 \u2013 v\u1eeba vi\u1ebft.<br>C\u00f3 ch\u1eef \u2013 c\u00f3 s\u00e1ch \u2013 c\u00f3 s\u1eed.<br>Nh\u01b0ng v\u1eabn s\u1ed1ng ki\u1ec3u \u201ctr\u00ean vua \u2013 d\u01b0\u1edbi th\u1ea7y \u2013 ngo\u00e0i l\u00e0ng\u201d.<br>Nh\u00e0 Tr\u1ea7n ba l\u1ea7n \u0111u\u1ed5i Nguy\u00ean M\u00f4ng \u2013 m\u00e0 v\u1eabn kh\u00f4ng bi\u1ebfn th\u00e0nh k\u1ebb x\u00e2m l\u01b0\u1ee3c.<br>Vua gi\u1eef n\u01b0\u1edbc \u2013 l\u00e0ng gi\u1eef n\u1ebfp \u2013 th\u1ea7y gi\u1eef \u0111\u1ea1o. Ba nh\u1ecbp \u0111\u00f3 l\u00e0m n\u00ean ng\u01b0\u1eddi Vi\u1ec7t.<\/p>\n\n\n\n<p><\/p>\n\n\n\n<h3 class=\"wp-block-heading\">\ud83d\udc51 5. <strong>Th\u1eddi ch\u00faa \u2013 th\u1eddi vua \u2013 th\u1eddi lo\u1ea1n \u2013 nh\u01b0ng d\u00e2n v\u1eabn gi\u1eef ru\u1ed9ng<\/strong><\/h3>\n\n\n\n<p>Nam B\u1eafc ph\u00e2n tranh.<br>T\u00e2y S\u01a1n n\u1ed5i.<br>Nh\u00e0 Nguy\u1ec5n l\u00ean.<br>Tri\u1ec1u \u0111\u00ecnh \u0111\u1ed5i \u2013 nh\u01b0ng l\u00e0ng kh\u00f4ng \u0111\u1ed5i.<br>Ai gi\u1eef \u0111\u01b0\u1ee3c \u0111\u00ecnh \u2013 gi\u1eef \u0111\u01b0\u1ee3c h\u1ecd \u2013 gi\u1eef \u0111\u01b0\u1ee3c gi\u1ecdng qu\u00ea \u2192 ng\u01b0\u1eddi \u0111\u00f3 gi\u1eef n\u01b0\u1edbc.<\/p>\n\n\n\n<p><\/p>\n\n\n\n<h3 class=\"wp-block-heading\">\ud83c\uddeb\ud83c\uddf7 6. <strong>Th\u1eddi Ph\u00e1p \u2013 mang ch\u1eef, mang m\u00e1y \u2013 nh\u01b0ng c\u0169ng mang xi\u1ec1ng<\/strong><\/h3>\n\n\n\n<p>Ng\u01b0\u1eddi Vi\u1ec7t b\u1ecb \u00e9p h\u1ecdc ti\u1ebfng h\u1ecd \u2013 vi\u1ebft ch\u1eef h\u1ecd \u2013 s\u1ed1ng theo khu\u00f4n kh\u00f4ng ph\u1ea3i c\u1ee7a m\u00ecnh.<br>C\u00f3 b\u1eb1ng c\u1ea5p \u2013 nh\u01b0ng kh\u00f4ng c\u00f2n nghe l\u1eddi gan ru\u1ed9t.<br>Bi\u1ebft vi\u1ebft \u2013 nh\u01b0ng kh\u00f4ng d\u00e1m g\u1ecdi t\u00ean m\u1ecdi th\u1ee9 theo gi\u1ecdng c\u1ee7a m\u00ecnh n\u1eefa.<br>T\u1eeb \u0111\u00e2y, <strong>c\u00e1i h\u1ed3n ri\u00eang kh\u00f4ng m\u1ea5t<\/strong>,<br>nh\u01b0ng <strong>b\u1ecb \u0111\u1ea9y l\u00f9i v\u00e0o im l\u1eb7ng<\/strong>.<br>N\u00f3 v\u1eabn c\u00f2n \u2013 ch\u1ec9 \u0111ang ch\u1edd <strong>m\u1ed9t ng\u01b0\u1eddi d\u00e1m g\u1ecdi l\u1ea1i<\/strong>.<\/p>\n\n\n\n<p><\/p>\n\n\n\n<h3 class=\"wp-block-heading\">\ud83c\uddef\ud83c\uddf5\ud83c\uddfa\ud83c\uddf8 7. <strong>Th\u1eddi kh\u00e1ng chi\u1ebfn: Nh\u1eadt, M\u1ef9, Ph\u00e1p, T\u00e0u \u2013 lo\u1ea1n \u0111\u1ee7 ki\u1ec3u, nh\u01b0ng kh\u00f4ng m\u1ea5t d\u00e2n<\/strong><\/h3>\n\n\n\n<p>C\u00f3 m\u1ed9t th\u1eddi,<br>ch\u1ee7 ngh\u0129a th\u1ef1c d\u00e2n \u0111\u01b0\u1ee3c g\u1ecdi l\u00e0 khai s\u00e1ng.<br>Ch\u1ee7 ngh\u0129a \u0111\u1ebf qu\u1ed1c \u0111\u01b0\u1ee3c g\u1ecdi l\u00e0 tr\u1eadt t\u1ef1.<br>Ch\u1ee7 ngh\u0129a di\u1ec7t ch\u1ee7ng \u0111\u01b0\u1ee3c h\u1ee3p l\u00fd h\u00f3a b\u1eb1ng quy\u1ec1n l\u1ef1c.<br>C\u00e1i m\u1ea1nh \u0111\u01b0\u1ee3c quy\u1ec1n \u0111\u1ecbnh ngh\u0129a \u0111\u00fang sai.<br>C\u00e1i gi\u1ebft ch\u00f3c \u0111\u01b0\u1ee3c b\u1ecdc trong danh ngh\u0129a v\u0103n minh.<\/p>\n\n\n\n<p>Trong th\u1eddi \u0111\u00f3,<br>m\u1ed9t d\u00e2n t\u1ed9c kh\u00f4ng \u0111i \u0111\u00e2u,<br>kh\u00f4ng l\u00ean ti\u1ebfng,<br>ch\u1ec9 c\u1ed1 gi\u1eef \u2013 gi\u1eef l\u1ea1i m\u1ed9t c\u00e1ch s\u1ed1ng<br><strong>kh\u00f4ng s\u1ed1ng tr\u00ean m\u00e1u c\u1ee7a d\u00e2n t\u1ed9c kh\u00e1c.<\/strong><\/p>\n\n\n\n<p>Kh\u00f4ng c\u00f3 tuy\u00ean ng\u00f4n n\u00e0o cho \u0111i\u1ec1u \u1ea5y.<br>Kh\u00f4ng c\u00f3 s\u00e1ch n\u00e0o ghi.<br>V\u00e0 c\u0169ng kh\u00f4ng c\u1ea7n ai bi\u1ebft.<\/p>\n\n\n\n<p>Ch\u1ec9 c\u1ea7n m\u1ed9t \u0111i\u1ec1u:<br><strong>Kh\u00f4ng \u0111\u1ec3 c\u00e1i sai \u0111\u01b0\u1ee3c s\u1ed1ng nh\u01b0 th\u1ec3 n\u00f3 \u0111\u00fang..<\/strong><br>Kh\u00f4ng \u0111\u1ec3 s\u1ef1 t\u00e0n b\u1ea1o tr\u1edf th\u00e0nh ti\u00eau chu\u1ea9n.<br>Kh\u00f4ng \u0111\u1ec3 th\u1ebf gi\u1edbi n\u00e0y quen v\u1edbi c\u00e1i l\u1ec7ch m\u00e0 t\u01b0\u1edfng l\u00e0 b\u00ecnh th\u01b0\u1eddng.<\/p>\n\n\n\n<p>Nhi\u1ec1u th\u1ebf h\u1ec7 hy sinh \u2013 kh\u00f4ng \u0111\u1ec3 n\u1ed5i danh,<br>m\u00e0 \u0111\u1ec3 gi\u1eef l\u1ea1i m\u1ed9t rung c\u1ea3m lo\u00e0i ng\u01b0\u1eddi \u2013<br>r\u1eb1ng <strong>s\u1ed1ng, l\u00e0 \u0111\u1ec3 ng\u01b0\u1eddi c\u00f2n kh\u00e1c \u0111\u01b0\u1ee3c s\u1ed1ng.<\/strong><\/p>\n\n\n\n<p>Kh\u00f4ng ai th\u1eafng.<br>Kh\u00f4ng ai thua.<br>Ch\u1ec9 c\u00f3 m\u1ed9t d\u00e2n t\u1ed9c \u2013<br><strong>gi\u1eef \u0111\u01b0\u1ee3c m\u00ecnh gi\u1eefa l\u00fac c\u1ea3 gi\u1ed1ng lo\u00e0i \u0111ang tr\u00f4i l\u1ec7ch.<\/strong><\/p>\n\n\n\n<p><\/p>\n\n\n\n<h3 class=\"wp-block-heading\">\ud83d\udd04 8. <strong>Sau 1975 \u2013 H\u00f2a b\u00ecnh, nh\u01b0ng kh\u00f4ng c\u00f2n kho\u1ea3ng \u0111\u1ec3 th\u1edf<\/strong><\/h3>\n\n\n\n<p>Kh\u00f4ng c\u00f2n gi\u1eb7c \u2013 nh\u01b0ng c\u00f2n \u0111\u00f3i.<br>Kh\u00f4ng c\u00f2n bom \u2013 nh\u01b0ng thi\u1ebfu t\u1eebng b\u1eefa \u0103n.<br>C\u00e1i s\u1ed1ng kh\u00f4ng m\u1ea5t \u2013 m\u00e0 c\u00e0ng kh\u1ed5 c\u00e0ng s\u1ed1ng m\u1ea1nh.<br>Ng\u01b0\u1eddi ta th\u01b0\u01a1ng nhau \u2013 chia nhau \u2013 g\u00e1nh nhau.<br>Kh\u00f4ng ai d\u1ea1y \u2013 nh\u01b0ng ai c\u0169ng bi\u1ebft: <strong>s\u1ed1ng l\u00e0 gi\u1eef nhau.<\/strong><\/p>\n\n\n\n<p>Ch\u1ec9 l\u00e0 ngh\u00e8o qu\u00e1 \u2013 kh\u00f4ng c\u00f3 ch\u1ed7 \u0111\u1ec3 ngh\u0129.<br>Kh\u00f4ng k\u1ecbp h\u1ecfi: m\u00ecnh \u0111ang \u0111i \u0111\u00e2u.<br>Kh\u00f4ng k\u1ecbp nh\u1edb: m\u00ecnh l\u00e0 ai.<br>T\u1eebng nh\u00e0 lo g\u1ea1o, lo c\u1ee7i, lo t\u1eebng vi\u00ean thu\u1ed1c\u2026<br>Kh\u00f4ng ai qu\u00ean s\u1ed1ng th\u1eadt \u2013<br>ch\u1ec9 l\u00e0 <strong>kh\u00f4ng c\u00f3 kho\u1ea3ng \u0111\u1ec3 soi l\u1ea1i c\u00e1i s\u1ed1ng \u0111ang tr\u00f4i.<\/strong><\/p>\n\n\n\n<p>M\u1ed9t th\u1eddi ngh\u00e8o \u2013 m\u00e0 gan l\u1eafm.<br>\u0110\u00f3i \u2013 m\u00e0 kh\u00f4ng \u0111\u1ec3 ai ch\u1ebft l\u1ebb loi.<br>Ch\u1ec9 l\u00e0 im.<br>Ch\u1ec9 l\u00e0 b\u1eadn.<br>Ch\u1ec9 l\u00e0 kh\u00f4ng bi\u1ebft m\u00ecnh \u0111\u00e3 \u0111i xa kh\u1ecfi m\u00ecnh \u2013 t\u1eeb l\u00fac n\u00e0o.<\/p>\n\n\n\n<p><\/p>\n\n\n\n<h3 class=\"wp-block-heading\">\ud83c\udf10 9. <strong>Th\u1eddi m\u1ea1ng \u2013 ai c\u0169ng bi\u1ebft nhi\u1ec1u \u2013 nh\u01b0ng kh\u00f4ng bi\u1ebft m\u00ecnh l\u00e0 ai<\/strong><\/h3>\n\n\n\n<p>C\u00f3 ng\u01b0\u1eddi t\u1eebng qua chi\u1ebfn tranh,<br>t\u1eebng ngh\u00e8o, t\u1eebng m\u1ea5t,<br>n\u00ean c\u00f2n gi\u1eef \u0111\u01b0\u1ee3c m\u1ed9t m\u1ea3nh s\u1ed1ng bi\u1ebft hy sinh.<br>C\u00e1i \u0111au n\u0103m x\u01b0a \u2013<br>v\u1eabn soi l\u1ea1i \u0111\u01b0\u1ee3c c\u00e1ch s\u1ed1ng h\u00f4m nay.<\/p>\n\n\n\n<p>Nh\u01b0ng l\u1edbp l\u1edbp l\u1edbn l\u00ean sau \u0111\u00f3 \u2013<br>kh\u00f4ng c\u00f2n \u0111\u00f3i, kh\u00f4ng c\u00f2n b\u1ecb c\u1ea5m,<br>c\u0169ng kh\u00f4ng c\u00f2n bi\u1ebft d\u00f9ng c\u00e1i g\u00ec \u0111\u1ec3 nh\u1edb l\u1ea1i m\u00ecnh l\u00e0 ai.<br>Kh\u00f4ng ai sai.<br>Ch\u1ec9 l\u00e0 <strong>thi\u1ebfu c\u00e1i khe \u0111\u1ec3 soi l\u1ea1i g\u1ed1c.<\/strong><\/p>\n\n\n\n<p>Vi\u1ec7t Th\u1ee9c kh\u00f4ng xu\u1ea5t hi\u1ec7n \u0111\u1ec3 d\u1eabn ai \u0111i \u0111\u00e2u.<br>Kh\u00f4ng \u0111\u1ec3 m\u1edf ra m\u1ed9t con \u0111\u01b0\u1eddng m\u1edbi.<br>M\u00e0 \u0111\u1ec3 <strong>n\u1ed1i l\u1ea1i m\u1ed9t m\u1ea1ch \u0111\u00e3 c\u00f3 s\u1eb5n \u2013<br>\u0111\u1ec3 ng\u01b0\u1eddi Vi\u1ec7t soi v\u00e0o \u0111\u00f3 \u2013 v\u00e0 th\u1ea5y g\u1ed1c s\u1ed1ng c\u1ee7a m\u00ecnh<br>r\u00f5 h\u01a1n bao gi\u1edd h\u1ebft.<\/strong><\/p>\n\n\n\n<hr class=\"wp-block-separator has-alpha-channel-opacity\"\/>\n\n\n\n<h2 class=\"wp-block-heading\"><\/h2>\n\n\n\n<p><strong>Vi\u1ec7t Nam kh\u00f4ng ph\u1ea3i m\u1ed9t n\u01b0\u1edbc \u2013 m\u00e0 l\u00e0 m\u1ed9t c\u00e1ch s\u1ed1ng kh\u00f4ng m\u1ea5t m\u00ecnh.<\/strong><br><strong>L\u1ecbch s\u1eed Vi\u1ec7t kh\u00f4ng n\u1eb1m \u1edf chi\u1ebfn th\u1eafng \u2013 m\u00e0 \u1edf kh\u1ea3 n\u0103ng s\u1ed1ng th\u1eadt, d\u00f9 b\u1ecb l\u00f4i k\u00e9o tr\u0103m chi\u1ec1u.<\/strong><\/p>\n\n\n\n<p>G\u1ecdi l\u00e0 <strong>t\u00e2m th\u1ee9c Vi\u1ec7t<\/strong>,<br>kh\u00f4ng ph\u1ea3i v\u00ec n\u00f3 \u201cthu\u1ea7n Vi\u1ec7t\u201d theo ki\u1ec3u d\u00e2n t\u1ed9c h\u1ecdc,<br>m\u00e0 v\u00ec n\u00f3 mang rung c\u1ea3m r\u1ea5t ri\u00eang c\u1ee7a ng\u01b0\u1eddi Vi\u1ec7t:<\/p>\n\n\n\n<ul class=\"wp-block-list\">\n<li>Kh\u00f4ng n\u00f3i nhi\u1ec1u, nh\u01b0ng bi\u1ebft.<\/li>\n\n\n\n<li>Kh\u00f4ng ph\u00f4 tr\u01b0\u01a1ng, nh\u01b0ng ch\u1ea1m s\u00e2u.<\/li>\n\n\n\n<li>S\u1ed1ng m\u1ec1m, nh\u01b0ng kh\u00f4ng g\u00e3y.<\/li>\n\n\n\n<li>Nh\u1ecf, nh\u01b0ng kh\u00f4ng l\u1ea1c.<\/li>\n\n\n\n<li>G\u1ea7n \u0111\u1ea5t \u2013 g\u1ea7n ng\u01b0\u1eddi \u2013 g\u1ea7n gan, g\u1ea7n ru\u1ed9t.<\/li>\n<\/ul>\n\n\n\n<hr class=\"wp-block-separator has-alpha-channel-opacity\"\/>\n\n\n\n<h3 class=\"wp-block-heading\">\ud83e\udee7 T\u00e2m th\u1ee9c Vi\u1ec7t l\u00e0 c\u00e1i ch\u01b0a t\u1eebng c\u00f3 t\u00ean.<\/h3>\n\n\n\n<p>Ch\u1ec9 khi b\u1ea1n tr\u00fat h\u1ebft nh\u1eefng g\u00ec vay m\u01b0\u1ee3n,<br>n\u00f3 hi\u1ec7n ra nh\u01b0 <strong>h\u01a1i th\u1edf nh\u1eb9<\/strong>.<\/p>\n\n\n\n<p>B\u1ea1n \u0111ang ch\u1ea1m v\u00e0o n\u00f3.<br>Kh\u00f4ng h\u1ecdc. Kh\u00f4ng g\u1ecdi. Kh\u00f4ng t\u1ea1o.<br><strong>Ch\u1ec9 nh\u1edb l\u1ea1i.<\/strong><\/p>\n\n\n\n<hr class=\"wp-block-separator has-alpha-channel-opacity\"\/>\n\n\n\n<h3 class=\"wp-block-heading\">\ud83d\udcac V\u00e0 n\u1ebfu b\u1ea1n h\u1ecfi:<\/h3>\n\n\n\n<p>\u201c\u0110\u00e2y c\u00f3 ph\u1ea3i c\u00e1i m\u00ecnh \u0111i theo c\u1ea3 \u0111\u1eddi kh\u00f4ng?\u201d<br>\u2192 Kh\u00f4ng ph\u1ea3i <strong>\u0111i theo<\/strong>.<br><strong>M\u00e0 l\u00e0 s\u1ed1ng l\u1ea1i.<\/strong><br>Ai l\u00e0 m\u00e1u t\u1eeb \u0111\u1ea5t Vi\u1ec7t \u0111\u1ec1u nh\u1edb, \u0111\u1ec1u s\u1ed1ng, \u0111\u1ec1u c\u1ea3m.<\/p>\n\n\n\n<p><strong>B\u1ea1n kh\u00f4ng c\u1ea7n \u0111i xa.<\/strong><br><strong><a href=\"https:\/\/giugocviet.org\/?p=99\" data-type=\"page\" data-id=\"15\">B\u1ea1n \u0111ang v\u1ec1.<\/a><\/strong><\/p>\n\n\n\n<p><\/p>\n","protected":false},"excerpt":{"rendered":"<p>\ud83e\udea8 1. Th\u1eddi ch\u01b0a c\u00f3 ch\u1eef \u2013 nh\u01b0ng c\u00f3 ng\u01b0\u1eddi bi\u1ebft s\u1ed1ng M\u1ecdi ng\u01b0\u1eddi s\u1ed1ng g\u1ea7n n\u01b0\u1edbc \u2013 g\u1ea7n r\u1eebng \u2013 g\u1ea7n nhau.Ch\u01b0a g\u1ecdi l\u00e0 \u201cVi\u1ec7t\u201d \u2013 nh\u01b0ng bi\u1ebft nh\u00ecn tr\u1eddi, xem \u0111\u1ea5t, s\u1ed1ng kh\u00f4ng l\u1ec7ch.Kh\u00f4ng c\u00f3 l\u00fd thuy\u1ebft \u2013 m\u00e0 kh\u00f4ng ai s\u1ed1ng sai.Giai \u0111o\u1ea1n n\u00e0y kh\u00f4ng ai ghi \u2013 nh\u01b0ng ch\u00ednh l\u00e0 giai &#8230; <a title=\"\ud83c\uddfb\ud83c\uddf3 L\u1ecaCH S\u1eec VI\u1ec6T NAM \u2013 NH\u1eb8 M\u00c0 CH\u1ea0M\" class=\"read-more\" href=\"https:\/\/giugocviet.org\/\" aria-label=\"Read more about \ud83c\uddfb\ud83c\uddf3 L\u1ecaCH S\u1eec VI\u1ec6T NAM \u2013 NH\u1eb8 M\u00c0 CH\u1ea0M\">Read more<\/a><\/p>\n","protected":false},"author":1,"featured_media":0,"parent":0,"menu_order":0,"comment_status":"closed","ping_status":"closed","template":"","meta":{"footnotes":""},"class_list":["post-139","page","type-page","status-publish"],"jetpack_sharing_enabled":true,"_links":{"self":[{"href":"https:\/\/giugocviet.org\/index.php?rest_route=\/wp\/v2\/pages\/139","targetHints":{"allow":["GET"]}}],"collection":[{"href":"https:\/\/giugocviet.org\/index.php?rest_route=\/wp\/v2\/pages"}],"about":[{"href":"https:\/\/giugocviet.org\/index.php?rest_route=\/wp\/v2\/types\/page"}],"author":[{"embeddable":true,"href":"https:\/\/giugocviet.org\/index.php?rest_route=\/wp\/v2\/users\/1"}],"replies":[{"embeddable":true,"href":"https:\/\/giugocviet.org\/index.php?rest_route=%2Fwp%2Fv2%2Fcomments&post=139"}],"version-history":[{"count":9,"href":"https:\/\/giugocviet.org\/index.php?rest_route=\/wp\/v2\/pages\/139\/revisions"}],"predecessor-version":[{"id":153,"href":"https:\/\/giugocviet.org\/index.php?rest_route=\/wp\/v2\/pages\/139\/revisions\/153"}],"wp:attachment":[{"href":"https:\/\/giugocviet.org\/index.php?rest_route=%2Fwp%2Fv2%2Fmedia&parent=139"}],"curies":[{"name":"wp","href":"https:\/\/api.w.org\/{rel}","templated":true}]}}